{"id":209,"date":"2025-05-01T20:24:54","date_gmt":"2025-05-01T20:24:54","guid":{"rendered":"https:\/\/ariboni.com.br\/portal\/?page_id=209"},"modified":"2025-12-03T19:46:05","modified_gmt":"2025-12-03T19:46:05","slug":"reconhecimento","status":"publish","type":"page","link":"https:\/\/ariboni.com.br\/portal\/reconhecimento\/","title":{"rendered":"Reconhecimento"},"content":{"rendered":"\t\t<div data-elementor-type=\"wp-page\" data-elementor-id=\"209\" class=\"elementor elementor-209\" data-elementor-post-type=\"page\">\n\t\t\t\t<div class=\"elementor-element elementor-element-db4393c e-flex e-con-boxed e-con e-parent\" data-id=\"db4393c\" data-element_type=\"container\" data-e-type=\"container\">\n\t\t\t\t\t<div class=\"e-con-inner\">\n\t\t<div class=\"elementor-element elementor-element-d1170ce e-con-full e-flex e-con e-child\" data-id=\"d1170ce\" data-element_type=\"container\" data-e-type=\"container\">\n\t\t\t\t<div class=\"elementor-element elementor-element-f939128 elementor-widget elementor-widget-text-editor\" data-id=\"f939128\" data-element_type=\"widget\" data-e-type=\"widget\" data-widget_type=\"text-editor.default\">\n\t\t\t\t<div class=\"elementor-widget-container\">\n\t\t\t\t\t\t\t\t\t<p style=\"text-align: justify;\">O compromisso com a excel\u00eancia, a atua\u00e7\u00e3o estrat\u00e9gica e o atendimento personalizado fazem com que o Ariboni, Fabbri e Schmidt seja constantemente reconhecido como um dos mais respeitados escrit\u00f3rios de advocacia nas \u00e1reas de Propriedade Intelectual e Direito Corporativo no Brasil.<\/p><p style=\"text-align: justify;\">Nosso trabalho \u00e9 recorrentemente destacado por publica\u00e7\u00f5es jur\u00eddicas especializadas, tanto nacionais quanto internacionais, como Chambers and Partners, The Legal 500, Leaders League, WTR 1000, IP Stars, An\u00e1lise Advocacia, entre outras, que avaliam a performance de escrit\u00f3rios e profissionais com base na qualidade t\u00e9cnica, reputa\u00e7\u00e3o no mercado e grau de satisfa\u00e7\u00e3o dos clientes.<\/p><p style=\"text-align: justify;\">Tais reconhecimentos refletem n\u00e3o apenas a expertise de nossa equipe altamente qualificada, como tamb\u00e9m a confian\u00e7a que conquistamos ao longo de quase cinco d\u00e9cadas de atua\u00e7\u00e3o junto a empresas nacionais e estrangeiras dos mais diversos setores.<\/p>\t\t\t\t\t\t\t\t<\/div>\n\t\t\t\t<\/div>\n\t\t\t\t<\/div>\n\t\t<div class=\"elementor-element elementor-element-f00d09f e-con-full e-flex e-con e-child\" data-id=\"f00d09f\" data-element_type=\"container\" data-e-type=\"container\">\n\t\t<div class=\"elementor-element elementor-element-a1e2229 e-grid e-con-full e-con e-child\" data-id=\"a1e2229\" data-element_type=\"container\" data-e-type=\"container\" data-settings=\"{&quot;background_background&quot;:&quot;classic&quot;}\">\n\t\t\t\t<div class=\"elementor-element elementor-element-299d5bb elementor-widget elementor-widget-image\" data-id=\"299d5bb\" data-element_type=\"widget\" data-e-type=\"widget\" data-widget_type=\"image.default\">\n\t\t\t\t<div class=\"elementor-widget-container\">\n\t\t\t\t\t\t\t\t\t\t\t\t\t\t\t<img decoding=\"async\" width=\"150\" height=\"44\" src=\"https:\/\/ariboni.com.br\/portal\/wp-content\/uploads\/2025\/05\/premio_Chambers.png\" class=\"attachment-large size-large wp-image-881\" alt=\"\" \/>\t\t\t\t\t\t\t\t\t\t\t\t\t\t\t<\/div>\n\t\t\t\t<\/div>\n\t\t\t\t<div class=\"elementor-element elementor-element-ca8d9a4 elementor-widget elementor-widget-image\" data-id=\"ca8d9a4\" data-element_type=\"widget\" data-e-type=\"widget\" data-widget_type=\"image.default\">\n\t\t\t\t<div class=\"elementor-widget-container\">\n\t\t\t\t\t\t\t\t\t\t\t\t\t\t\t<img decoding=\"async\" width=\"150\" height=\"143\" src=\"https:\/\/ariboni.com.br\/portal\/wp-content\/uploads\/2025\/05\/premio_leaders.png\" class=\"attachment-large size-large wp-image-885\" alt=\"\" \/>\t\t\t\t\t\t\t\t\t\t\t\t\t\t\t<\/div>\n\t\t\t\t<\/div>\n\t\t\t\t<div class=\"elementor-element elementor-element-7325d08 elementor-widget elementor-widget-image\" data-id=\"7325d08\" data-element_type=\"widget\" data-e-type=\"widget\" data-widget_type=\"image.default\">\n\t\t\t\t<div class=\"elementor-widget-container\">\n\t\t\t\t\t\t\t\t\t\t\t\t\t\t\t<img fetchpriority=\"high\" decoding=\"async\" width=\"600\" height=\"520\" src=\"https:\/\/ariboni.com.br\/portal\/wp-content\/uploads\/2025\/06\/NEW_Global_Awards_Winner_2025-ampliado-e1755089807283.png\" class=\"attachment-large size-large wp-image-1163\" alt=\"\" \/>\t\t\t\t\t\t\t\t\t\t\t\t\t\t\t<\/div>\n\t\t\t\t<\/div>\n\t\t\t\t<div class=\"elementor-element elementor-element-6ad5cb9 elementor-widget elementor-widget-image\" data-id=\"6ad5cb9\" data-element_type=\"widget\" data-e-type=\"widget\" data-widget_type=\"image.default\">\n\t\t\t\t<div class=\"elementor-widget-container\">\n\t\t\t\t\t\t\t\t\t\t\t\t\t\t\t<img loading=\"lazy\" decoding=\"async\" width=\"150\" height=\"45\" src=\"https:\/\/ariboni.com.br\/portal\/wp-content\/uploads\/2025\/05\/premio_ipStars.png\" class=\"attachment-large size-large wp-image-884\" alt=\"\" \/>\t\t\t\t\t\t\t\t\t\t\t\t\t\t\t<\/div>\n\t\t\t\t<\/div>\n\t\t\t\t<div class=\"elementor-element elementor-element-f89cdca elementor-widget elementor-widget-image\" data-id=\"f89cdca\" data-element_type=\"widget\" data-e-type=\"widget\" data-widget_type=\"image.default\">\n\t\t\t\t<div class=\"elementor-widget-container\">\n\t\t\t\t\t\t\t\t\t\t\t\t\t\t\t<img loading=\"lazy\" decoding=\"async\" width=\"150\" height=\"75\" src=\"https:\/\/ariboni.com.br\/portal\/wp-content\/uploads\/2025\/05\/premio_WTR.png\" class=\"attachment-large size-large wp-image-886\" alt=\"\" \/>\t\t\t\t\t\t\t\t\t\t\t\t\t\t\t<\/div>\n\t\t\t\t<\/div>\n\t\t\t\t<div class=\"elementor-element elementor-element-f0d522a elementor-widget elementor-widget-image\" data-id=\"f0d522a\" data-element_type=\"widget\" data-e-type=\"widget\" data-widget_type=\"image.default\">\n\t\t\t\t<div class=\"elementor-widget-container\">\n\t\t\t\t\t\t\t\t\t\t\t\t\t\t\t<img loading=\"lazy\" decoding=\"async\" width=\"150\" height=\"120\" src=\"https:\/\/ariboni.com.br\/portal\/wp-content\/uploads\/2025\/05\/logo-Analise-500-1.jpg\" class=\"attachment-large size-large wp-image-878\" alt=\"\" \/>\t\t\t\t\t\t\t\t\t\t\t\t\t\t\t<\/div>\n\t\t\t\t<\/div>\n\t\t\t\t<div class=\"elementor-element elementor-element-04ae16b elementor-widget elementor-widget-image\" data-id=\"04ae16b\" data-element_type=\"widget\" data-e-type=\"widget\" data-widget_type=\"image.default\">\n\t\t\t\t<div class=\"elementor-widget-container\">\n\t\t\t\t\t\t\t\t\t\t\t\t\t\t\t<img loading=\"lazy\" decoding=\"async\" width=\"102\" height=\"150\" src=\"https:\/\/ariboni.com.br\/portal\/wp-content\/uploads\/2025\/12\/analise26.png\" class=\"attachment-large size-large wp-image-1909\" alt=\"\" \/>\t\t\t\t\t\t\t\t\t\t\t\t\t\t\t<\/div>\n\t\t\t\t<\/div>\n\t\t\t\t<div class=\"elementor-element elementor-element-f622cdc elementor-widget elementor-widget-image\" data-id=\"f622cdc\" data-element_type=\"widget\" data-e-type=\"widget\" data-widget_type=\"image.default\">\n\t\t\t\t<div class=\"elementor-widget-container\">\n\t\t\t\t\t\t\t\t\t\t\t\t\t\t\t<img loading=\"lazy\" decoding=\"async\" width=\"150\" height=\"145\" src=\"https:\/\/ariboni.com.br\/portal\/wp-content\/uploads\/2025\/05\/premio_analiseMulher.png\" class=\"attachment-large size-large wp-image-880\" alt=\"\" \/>\t\t\t\t\t\t\t\t\t\t\t\t\t\t\t<\/div>\n\t\t\t\t<\/div>\n\t\t\t\t<div class=\"elementor-element elementor-element-84eaa89 elementor-widget elementor-widget-image\" data-id=\"84eaa89\" data-element_type=\"widget\" data-e-type=\"widget\" data-widget_type=\"image.default\">\n\t\t\t\t<div class=\"elementor-widget-container\">\n\t\t\t\t\t\t\t\t\t\t\t\t\t\t\t<img loading=\"lazy\" decoding=\"async\" width=\"150\" height=\"150\" src=\"https:\/\/ariboni.com.br\/portal\/wp-content\/uploads\/2025\/08\/LWA-prestige2pq-150x150.png\" class=\"attachment-thumbnail size-thumbnail wp-image-1561\" alt=\"\" \/>\t\t\t\t\t\t\t\t\t\t\t\t\t\t\t<\/div>\n\t\t\t\t<\/div>\n\t\t\t\t<\/div>\n\t\t\t\t<\/div>\n\t\t\t\t\t<\/div>\n\t\t\t\t<\/div>\n\t\t\t\t<\/div>\n\t\t","protected":false},"excerpt":{"rendered":"<p>O compromisso com a excel\u00eancia, a atua\u00e7\u00e3o estrat\u00e9gica e o atendimento personalizado fazem com que o Ariboni, Fabbri e Schmidt seja constantemente reconhecido como um dos mais respeitados escrit\u00f3rios de advocacia nas \u00e1reas de Propriedade Intelectual e Direito Corporativo no Brasil. Nosso trabalho \u00e9 recorrentemente destacado por publica\u00e7\u00f5es jur\u00eddicas especializadas, tanto nacionais quanto internacionais, como [&hellip;]<\/p>\n","protected":false},"author":1,"featured_media":0,"parent":0,"menu_order":0,"comment_status":"closed","ping_status":"closed","template":"elementor_header_footer","meta":{"footnotes":""},"class_list":["post-209","page","type-page","status-publish","hentry"],"_links":{"self":[{"href":"https:\/\/ariboni.com.br\/portal\/wp-json\/wp\/v2\/pages\/209","targetHints":{"allow":["GET"]}}],"collection":[{"href":"https:\/\/ariboni.com.br\/portal\/wp-json\/wp\/v2\/pages"}],"about":[{"href":"https:\/\/ariboni.com.br\/portal\/wp-json\/wp\/v2\/types\/page"}],"author":[{"embeddable":true,"href":"https:\/\/ariboni.com.br\/portal\/wp-json\/wp\/v2\/users\/1"}],"replies":[{"embeddable":true,"href":"https:\/\/ariboni.com.br\/portal\/wp-json\/wp\/v2\/comments?post=209"}],"version-history":[{"count":32,"href":"https:\/\/ariboni.com.br\/portal\/wp-json\/wp\/v2\/pages\/209\/revisions"}],"predecessor-version":[{"id":1924,"href":"https:\/\/ariboni.com.br\/portal\/wp-json\/wp\/v2\/pages\/209\/revisions\/1924"}],"wp:attachment":[{"href":"https:\/\/ariboni.com.br\/portal\/wp-json\/wp\/v2\/media?parent=209"}],"curies":[{"name":"wp","href":"https:\/\/api.w.org\/{rel}","templated":true}]}}