{"id":207,"date":"2025-05-01T20:24:18","date_gmt":"2025-05-01T20:24:18","guid":{"rendered":"https:\/\/ariboni.com.br\/portal\/?page_id=207"},"modified":"2025-11-07T17:11:42","modified_gmt":"2025-11-07T17:11:42","slug":"noticias","status":"publish","type":"page","link":"https:\/\/ariboni.com.br\/portal\/noticias\/","title":{"rendered":"Artigos"},"content":{"rendered":"\t\t<div data-elementor-type=\"wp-page\" data-elementor-id=\"207\" class=\"elementor elementor-207\" data-elementor-post-type=\"page\">\n\t\t\t\t<div class=\"elementor-element elementor-element-b2643fa e-flex e-con-boxed e-con e-parent\" data-id=\"b2643fa\" data-element_type=\"container\" data-e-type=\"container\">\n\t\t\t\t\t<div class=\"e-con-inner\">\n\t\t\t\t<div class=\"elementor-element elementor-element-4a6797e elementor-posts--thumbnail-none elementor-posts--align-left elementor-grid-3 elementor-grid-tablet-2 elementor-grid-mobile-1 elementor-posts__hover-gradient elementor-widget elementor-widget-posts\" data-id=\"4a6797e\" data-element_type=\"widget\" data-e-type=\"widget\" data-settings=\"{&quot;cards_row_gap&quot;:{&quot;unit&quot;:&quot;px&quot;,&quot;size&quot;:42,&quot;sizes&quot;:[]},&quot;pagination_type&quot;:&quot;numbers&quot;,&quot;cards_columns&quot;:&quot;3&quot;,&quot;cards_columns_tablet&quot;:&quot;2&quot;,&quot;cards_columns_mobile&quot;:&quot;1&quot;,&quot;cards_row_gap_tablet&quot;:{&quot;unit&quot;:&quot;px&quot;,&quot;size&quot;:&quot;&quot;,&quot;sizes&quot;:[]},&quot;cards_row_gap_mobile&quot;:{&quot;unit&quot;:&quot;px&quot;,&quot;size&quot;:&quot;&quot;,&quot;sizes&quot;:[]}}\" data-widget_type=\"posts.cards\">\n\t\t\t\t<div class=\"elementor-widget-container\">\n\t\t\t\t\t\t\t<div class=\"elementor-posts-container elementor-posts elementor-posts--skin-cards elementor-grid\" role=\"list\">\n\t\t\t\t<article class=\"elementor-post elementor-grid-item post-1586 post type-post status-publish format-standard has-post-thumbnail hentry category-portugues\" role=\"listitem\">\n\t\t\t<div class=\"elementor-post__card\">\n\t\t\t\t<div class=\"elementor-post__text\">\n\t\t\t\t<h1 class=\"elementor-post__title\">\n\t\t\t<a href=\"https:\/\/ariboni.com.br\/portal\/2025\/11\/06\/cide-royalties-e-streaming-impacto-bilionario-e-novo-entendimento-do-stf\/\" >\n\t\t\t\tCIDE-Royalties e streaming: impacto bilion\u00e1rio e novo entendimento do STF\t\t\t<\/a>\n\t\t<\/h1>\n\t\t\t\t<div class=\"elementor-post__excerpt\">\n\t\t\t<p>por @Tabatha Alves No dia 16 de outubro de 2025, o Supremo Tribunal Federal (STF) publicou o julgamento do Tema 914, por 6 votos a 5. A decis\u00e3o consolidou que a CIDE-Royalties pode incidir n\u00e3o apenas sobre remessas ao exterior envolvendo transfer\u00eancia de tecnologia e direitos de propriedade industrial, mas<\/p>\n\t\t<\/div>\n\t\t\n\t\t<a class=\"elementor-post__read-more\" href=\"https:\/\/ariboni.com.br\/portal\/2025\/11\/06\/cide-royalties-e-streaming-impacto-bilionario-e-novo-entendimento-do-stf\/\" aria-label=\"Leia mais sobre CIDE-Royalties e streaming: impacto bilion\u00e1rio e novo entendimento do STF\" tabindex=\"-1\" >\n\t\t\tLeia mais \u00bb\t\t<\/a>\n\n\t\t\t\t<\/div>\n\t\t\t\t\t<\/div>\n\t\t<\/article>\n\t\t\t\t<article class=\"elementor-post elementor-grid-item post-1580 post type-post status-publish format-standard has-post-thumbnail hentry category-portugues\" role=\"listitem\">\n\t\t\t<div class=\"elementor-post__card\">\n\t\t\t\t<div class=\"elementor-post__text\">\n\t\t\t\t<h1 class=\"elementor-post__title\">\n\t\t\t<a href=\"https:\/\/ariboni.com.br\/portal\/2025\/11\/06\/o-reconhecimento-incidental-de-nulidade-de-registro-de-marca-novas-observacoes\/\" >\n\t\t\t\tO reconhecimento incidental de nulidade de registro de marca: novas obseerva\u00e7\u00f5es\t\t\t<\/a>\n\t\t<\/h1>\n\t\t\t\t<div class=\"elementor-post__excerpt\">\n\t\t\t<p>por L\u00e9lio Denicoli Schmidt \u201cAlega mais a apelante que a veda\u00e7\u00e3o de utiliza\u00e7\u00e3o da marca \u201cSUXTEC\u201d, por ter sido esta feita pelo Instituto Nacional da Propriedade Industrial, somente por a\u00e7\u00e3o pr\u00f3pria a Justi\u00e7a Federal \u00e9 que poderia ser tentada. (\u2026) A a\u00e7\u00e3o proposta pela autora, empresa fabricante do filtro exaustor<\/p>\n\t\t<\/div>\n\t\t\n\t\t<a class=\"elementor-post__read-more\" href=\"https:\/\/ariboni.com.br\/portal\/2025\/11\/06\/o-reconhecimento-incidental-de-nulidade-de-registro-de-marca-novas-observacoes\/\" aria-label=\"Leia mais sobre O reconhecimento incidental de nulidade de registro de marca: novas obseerva\u00e7\u00f5es\" tabindex=\"-1\" >\n\t\t\tLeia mais \u00bb\t\t<\/a>\n\n\t\t\t\t<\/div>\n\t\t\t\t\t<\/div>\n\t\t<\/article>\n\t\t\t\t<article class=\"elementor-post elementor-grid-item post-1199 post type-post status-publish format-standard has-post-thumbnail hentry category-portugues\" role=\"listitem\">\n\t\t\t<div class=\"elementor-post__card\">\n\t\t\t\t<div class=\"elementor-post__text\">\n\t\t\t\t<h1 class=\"elementor-post__title\">\n\t\t\t<a href=\"https:\/\/ariboni.com.br\/portal\/2025\/06\/23\/registro-da-marca\/\" >\n\t\t\t\tRegistro de marca\t\t\t<\/a>\n\t\t<\/h1>\n\t\t\t\t<div class=\"elementor-post__excerpt\">\n\t\t\t<p>por L\u00e9lio Denicoli Schmidt &#8211; O registro de marca \u00e9 um t\u00edtulo que assegura o direito de propriedade e uso exclusivo da marca em todo o territ\u00f3rio nacional. Sua concess\u00e3o se d\u00e1 mediante pedido depositado junto ao INPI \u2013 Instituto Nacional da Propriedade Industrial. A prote\u00e7\u00e3o oriunda do registro n\u00e3o<\/p>\n\t\t<\/div>\n\t\t\n\t\t<a class=\"elementor-post__read-more\" href=\"https:\/\/ariboni.com.br\/portal\/2025\/06\/23\/registro-da-marca\/\" aria-label=\"Leia mais sobre Registro de marca\" tabindex=\"-1\" >\n\t\t\tLeia mais \u00bb\t\t<\/a>\n\n\t\t\t\t<\/div>\n\t\t\t\t\t<\/div>\n\t\t<\/article>\n\t\t\t\t<article class=\"elementor-post elementor-grid-item post-1193 post type-post status-publish format-standard hentry category-portugues\" role=\"listitem\">\n\t\t\t<div class=\"elementor-post__card\">\n\t\t\t\t<div class=\"elementor-post__text\">\n\t\t\t\t<h1 class=\"elementor-post__title\">\n\t\t\t<a href=\"https:\/\/ariboni.com.br\/portal\/2025\/06\/23\/degeneracao-da-marca\/\" >\n\t\t\t\tDegenera\u00e7\u00e3o da marca\t\t\t<\/a>\n\t\t<\/h1>\n\t\t\t\t<div class=\"elementor-post__excerpt\">\n\t\t\t<p>por L\u00e9lio Denicoli Schmidt &#8211; A degenera\u00e7\u00e3o, tamb\u00e9m denominada de vulgariza\u00e7\u00e3o ou degeneresc\u00eancia, \u00e9 uma muta\u00e7\u00e3o que faz com que a marca perca a distintividade que originalmente possu\u00eda. A degenera\u00e7\u00e3o ocorre quando a marca passa a corresponder ao nome, figura ou forma comum pela qual o produto ou servi\u00e7o \u00e9<\/p>\n\t\t<\/div>\n\t\t\n\t\t<a class=\"elementor-post__read-more\" href=\"https:\/\/ariboni.com.br\/portal\/2025\/06\/23\/degeneracao-da-marca\/\" aria-label=\"Leia mais sobre Degenera\u00e7\u00e3o da marca\" tabindex=\"-1\" >\n\t\t\tLeia mais \u00bb\t\t<\/a>\n\n\t\t\t\t<\/div>\n\t\t\t\t\t<\/div>\n\t\t<\/article>\n\t\t\t\t<article class=\"elementor-post elementor-grid-item post-1189 post type-post status-publish format-standard hentry category-portugues\" role=\"listitem\">\n\t\t\t<div class=\"elementor-post__card\">\n\t\t\t\t<div class=\"elementor-post__text\">\n\t\t\t\t<h1 class=\"elementor-post__title\">\n\t\t\t<a href=\"https:\/\/ariboni.com.br\/portal\/2025\/06\/23\/desenho-industrial\/\" >\n\t\t\t\tDesenho industrial\t\t\t<\/a>\n\t\t<\/h1>\n\t\t\t\t<div class=\"elementor-post__excerpt\">\n\t\t\t<p>por L\u00e9lio Denicoli Schmidt &#8211; O desenho industrial consiste na apar\u00eancia ornamental de um produto ou embalagem e confere exclusividade sobre sua forma pl\u00e1stica tridimensional ou seu conjunto bidimensional de linhas e cores. A tutela recai sobre o car\u00e1ter est\u00e9tico da configura\u00e7\u00e3o externa do objeto, que proporcione resultado visual novo<\/p>\n\t\t<\/div>\n\t\t\n\t\t<a class=\"elementor-post__read-more\" href=\"https:\/\/ariboni.com.br\/portal\/2025\/06\/23\/desenho-industrial\/\" aria-label=\"Leia mais sobre Desenho industrial\" tabindex=\"-1\" >\n\t\t\tLeia mais \u00bb\t\t<\/a>\n\n\t\t\t\t<\/div>\n\t\t\t\t\t<\/div>\n\t\t<\/article>\n\t\t\t\t<\/div>\n\t\t\n\t\t\t\t\t\t<\/div>\n\t\t\t\t<\/div>\n\t\t\t\t\t<\/div>\n\t\t\t\t<\/div>\n\t\t\t\t<\/div>\n\t\t","protected":false},"excerpt":{"rendered":"","protected":false},"author":1,"featured_media":0,"parent":0,"menu_order":0,"comment_status":"closed","ping_status":"closed","template":"elementor_header_footer","meta":{"footnotes":""},"class_list":["post-207","page","type-page","status-publish","hentry"],"_links":{"self":[{"href":"https:\/\/ariboni.com.br\/portal\/wp-json\/wp\/v2\/pages\/207","targetHints":{"allow":["GET"]}}],"collection":[{"href":"https:\/\/ariboni.com.br\/portal\/wp-json\/wp\/v2\/pages"}],"about":[{"href":"https:\/\/ariboni.com.br\/portal\/wp-json\/wp\/v2\/types\/page"}],"author":[{"embeddable":true,"href":"https:\/\/ariboni.com.br\/portal\/wp-json\/wp\/v2\/users\/1"}],"replies":[{"embeddable":true,"href":"https:\/\/ariboni.com.br\/portal\/wp-json\/wp\/v2\/comments?post=207"}],"version-history":[{"count":38,"href":"https:\/\/ariboni.com.br\/portal\/wp-json\/wp\/v2\/pages\/207\/revisions"}],"predecessor-version":[{"id":1611,"href":"https:\/\/ariboni.com.br\/portal\/wp-json\/wp\/v2\/pages\/207\/revisions\/1611"}],"wp:attachment":[{"href":"https:\/\/ariboni.com.br\/portal\/wp-json\/wp\/v2\/media?parent=207"}],"curies":[{"name":"wp","href":"https:\/\/api.w.org\/{rel}","templated":true}]}}