{"id":198,"date":"2025-05-01T20:20:45","date_gmt":"2025-05-01T20:20:45","guid":{"rendered":"https:\/\/ariboni.com.br\/portal\/?page_id=198"},"modified":"2025-08-13T20:26:00","modified_gmt":"2025-08-13T20:26:00","slug":"atuacao","status":"publish","type":"page","link":"https:\/\/ariboni.com.br\/portal\/atuacao\/","title":{"rendered":"Atua\u00e7\u00e3o"},"content":{"rendered":"\t\t<div data-elementor-type=\"wp-page\" data-elementor-id=\"198\" class=\"elementor elementor-198\" data-elementor-post-type=\"page\">\n\t\t\t\t<div class=\"elementor-element elementor-element-0092f71 e-flex e-con-boxed e-con e-parent\" data-id=\"0092f71\" data-element_type=\"container\" data-e-type=\"container\">\n\t\t\t\t\t<div class=\"e-con-inner\">\n\t\t<div class=\"elementor-element elementor-element-bfb4776 e-con-full e-flex e-con e-child\" data-id=\"bfb4776\" data-element_type=\"container\" data-e-type=\"container\">\n\t\t\t\t<div class=\"elementor-element elementor-element-0aeeacb elementor-widget elementor-widget-text-editor\" data-id=\"0aeeacb\" data-element_type=\"widget\" data-e-type=\"widget\" data-widget_type=\"text-editor.default\">\n\t\t\t\t<div class=\"elementor-widget-container\">\n\t\t\t\t\t\t\t\t\t<p style=\"text-align: left;\">O Ariboni, Fabbri &amp; Schmidt \u00e9 formado por profissionais altamente especializados nas \u00e1reas de Propriedade Intelectual e Direito Empresarial, oferecendo solu\u00e7\u00f5es jur\u00eddicas seguras, personalizadas e alinhadas aos objetivos estrat\u00e9gicos de cada cliente.<\/p><p>Nossas principais \u00e1reas de atua\u00e7\u00e3o incluem:<\/p>\t\t\t\t\t\t\t\t<\/div>\n\t\t\t\t<\/div>\n\t\t\t\t<\/div>\n\t\t<div class=\"elementor-element elementor-element-e62a2eb e-con-full e-flex e-con e-child\" data-id=\"e62a2eb\" data-element_type=\"container\" data-e-type=\"container\">\n\t\t\t\t<div class=\"elementor-element elementor-element-c1f5812 elementor-widget elementor-widget-image\" data-id=\"c1f5812\" data-element_type=\"widget\" data-e-type=\"widget\" data-widget_type=\"image.default\">\n\t\t\t\t<div class=\"elementor-widget-container\">\n\t\t\t\t\t\t\t\t\t\t\t\t\t\t\t<img fetchpriority=\"high\" decoding=\"async\" width=\"800\" height=\"428\" src=\"https:\/\/ariboni.com.br\/portal\/wp-content\/uploads\/2025\/05\/Foto-atuacao.jpg\" class=\"attachment-full size-full wp-image-814\" alt=\"\" srcset=\"https:\/\/ariboni.com.br\/portal\/wp-content\/uploads\/2025\/05\/Foto-atuacao.jpg 800w, https:\/\/ariboni.com.br\/portal\/wp-content\/uploads\/2025\/05\/Foto-atuacao-300x161.jpg 300w, https:\/\/ariboni.com.br\/portal\/wp-content\/uploads\/2025\/05\/Foto-atuacao-768x411.jpg 768w\" sizes=\"(max-width: 800px) 100vw, 800px\" \/>\t\t\t\t\t\t\t\t\t\t\t\t\t\t\t<\/div>\n\t\t\t\t<\/div>\n\t\t\t\t<\/div>\n\t\t\t\t\t<\/div>\n\t\t\t\t<\/div>\n\t\t<div class=\"elementor-element elementor-element-8cc6b0a e-flex e-con-boxed e-con e-parent\" data-id=\"8cc6b0a\" data-element_type=\"container\" data-e-type=\"container\">\n\t\t\t\t\t<div class=\"e-con-inner\">\n\t\t<div class=\"elementor-element elementor-element-8939c5c e-con-full e-flex e-con e-child\" data-id=\"8939c5c\" data-element_type=\"container\" data-e-type=\"container\">\n\t\t\t\t<div class=\"elementor-element elementor-element-d8af198 elementor-align-center elementor-widget elementor-widget-button\" data-id=\"d8af198\" data-element_type=\"widget\" data-e-type=\"widget\" data-widget_type=\"button.default\">\n\t\t\t\t<div class=\"elementor-widget-container\">\n\t\t\t\t\t\t\t\t\t<div class=\"elementor-button-wrapper\">\n\t\t\t\t\t<a class=\"elementor-button elementor-button-link elementor-size-sm\" href=\"#intelectual\">\n\t\t\t\t\t\t<span class=\"elementor-button-content-wrapper\">\n\t\t\t\t\t\t\t\t\t<span class=\"elementor-button-text\">Propriedade Intelectual<\/span>\n\t\t\t\t\t<\/span>\n\t\t\t\t\t<\/a>\n\t\t\t\t<\/div>\n\t\t\t\t\t\t\t\t<\/div>\n\t\t\t\t<\/div>\n\t\t\t\t<\/div>\n\t\t<div class=\"elementor-element elementor-element-3972547 e-con-full e-flex e-con e-child\" data-id=\"3972547\" data-element_type=\"container\" data-e-type=\"container\">\n\t\t\t\t<div class=\"elementor-element elementor-element-8cfae1c elementor-align-center elementor-widget elementor-widget-button\" data-id=\"8cfae1c\" data-element_type=\"widget\" data-e-type=\"widget\" data-widget_type=\"button.default\">\n\t\t\t\t<div class=\"elementor-widget-container\">\n\t\t\t\t\t\t\t\t\t<div class=\"elementor-button-wrapper\">\n\t\t\t\t\t<a class=\"elementor-button elementor-button-link elementor-size-sm\" href=\"#consultivo\">\n\t\t\t\t\t\t<span class=\"elementor-button-content-wrapper\">\n\t\t\t\t\t\t\t\t\t<span class=\"elementor-button-text\">Direito Empresarial Consultivo<\/span>\n\t\t\t\t\t<\/span>\n\t\t\t\t\t<\/a>\n\t\t\t\t<\/div>\n\t\t\t\t\t\t\t\t<\/div>\n\t\t\t\t<\/div>\n\t\t\t\t<\/div>\n\t\t<div class=\"elementor-element elementor-element-ad2ad23 e-con-full e-flex e-con e-child\" data-id=\"ad2ad23\" data-element_type=\"container\" data-e-type=\"container\">\n\t\t\t\t<div class=\"elementor-element elementor-element-b6a14fc elementor-align-center elementor-widget elementor-widget-button\" data-id=\"b6a14fc\" data-element_type=\"widget\" data-e-type=\"widget\" data-widget_type=\"button.default\">\n\t\t\t\t<div class=\"elementor-widget-container\">\n\t\t\t\t\t\t\t\t\t<div class=\"elementor-button-wrapper\">\n\t\t\t\t\t<a class=\"elementor-button elementor-button-link elementor-size-sm\" href=\"#concorrencial\">\n\t\t\t\t\t\t<span class=\"elementor-button-content-wrapper\">\n\t\t\t\t\t\t\t\t\t<span class=\"elementor-button-text\">Direito Concorrencial<\/span>\n\t\t\t\t\t<\/span>\n\t\t\t\t\t<\/a>\n\t\t\t\t<\/div>\n\t\t\t\t\t\t\t\t<\/div>\n\t\t\t\t<\/div>\n\t\t\t\t<\/div>\n\t\t<div class=\"elementor-element elementor-element-3bea3f5 e-con-full e-flex e-con e-child\" data-id=\"3bea3f5\" data-element_type=\"container\" data-e-type=\"container\">\n\t\t\t\t<div class=\"elementor-element elementor-element-9075bbb elementor-align-center elementor-widget elementor-widget-button\" data-id=\"9075bbb\" data-element_type=\"widget\" data-e-type=\"widget\" data-widget_type=\"button.default\">\n\t\t\t\t<div class=\"elementor-widget-container\">\n\t\t\t\t\t\t\t\t\t<div class=\"elementor-button-wrapper\">\n\t\t\t\t\t<a class=\"elementor-button elementor-button-link elementor-size-sm\" href=\"#contencioso\">\n\t\t\t\t\t\t<span class=\"elementor-button-content-wrapper\">\n\t\t\t\t\t\t\t\t\t<span class=\"elementor-button-text\">Contencioso Judicial Estrat\u00e9gico<\/span>\n\t\t\t\t\t<\/span>\n\t\t\t\t\t<\/a>\n\t\t\t\t<\/div>\n\t\t\t\t\t\t\t\t<\/div>\n\t\t\t\t<\/div>\n\t\t\t\t<\/div>\n\t\t\t\t\t<\/div>\n\t\t\t\t<\/div>\n\t\t<div class=\"elementor-element elementor-element-3bb099f e-flex e-con-boxed e-con e-parent\" data-id=\"3bb099f\" data-element_type=\"container\" data-e-type=\"container\">\n\t\t\t\t\t<div class=\"e-con-inner\">\n\t\t<div class=\"elementor-element elementor-element-0e35f32 e-con-full e-flex e-con e-child\" data-id=\"0e35f32\" data-element_type=\"container\" data-e-type=\"container\">\n\t\t\t\t<div class=\"elementor-element elementor-element-3afd981 elementor-widget elementor-widget-image\" data-id=\"3afd981\" data-element_type=\"widget\" data-e-type=\"widget\" data-widget_type=\"image.default\">\n\t\t\t\t<div class=\"elementor-widget-container\">\n\t\t\t\t\t\t\t\t\t\t\t\t\t\t\t<img decoding=\"async\" width=\"600\" height=\"773\" src=\"https:\/\/ariboni.com.br\/portal\/wp-content\/uploads\/2025\/05\/Foto-patentes-2.jpg\" class=\"attachment-large size-large wp-image-802\" alt=\"\" srcset=\"https:\/\/ariboni.com.br\/portal\/wp-content\/uploads\/2025\/05\/Foto-patentes-2.jpg 600w, https:\/\/ariboni.com.br\/portal\/wp-content\/uploads\/2025\/05\/Foto-patentes-2-233x300.jpg 233w\" sizes=\"(max-width: 600px) 100vw, 600px\" \/>\t\t\t\t\t\t\t\t\t\t\t\t\t\t\t<\/div>\n\t\t\t\t<\/div>\n\t\t\t\t<\/div>\n\t\t<div class=\"elementor-element elementor-element-90978f4 e-con-full e-flex e-con e-child\" data-id=\"90978f4\" data-element_type=\"container\" data-e-type=\"container\">\n\t\t\t\t<div class=\"elementor-element elementor-element-a29f2f2 elementor-widget elementor-widget-menu-anchor\" data-id=\"a29f2f2\" data-element_type=\"widget\" data-e-type=\"widget\" data-widget_type=\"menu-anchor.default\">\n\t\t\t\t<div class=\"elementor-widget-container\">\n\t\t\t\t\t\t\t<div class=\"elementor-menu-anchor\" id=\"intelectual\"><\/div>\n\t\t\t\t\t\t<\/div>\n\t\t\t\t<\/div>\n\t\t\t\t<div class=\"elementor-element elementor-element-9b35346 elementor-widget elementor-widget-text-editor\" data-id=\"9b35346\" data-element_type=\"widget\" data-e-type=\"widget\" data-widget_type=\"text-editor.default\">\n\t\t\t\t<div class=\"elementor-widget-container\">\n\t\t\t\t\t\t\t\t\t<h2><strong>Propriedade Intelectual<\/strong><\/h2><p style=\"text-align: justify;\">Oferecemos suporte completo em Propriedade Intelectual, abrangendo todas as etapas relacionadas \u00e0 prote\u00e7\u00e3o, defesa e gest\u00e3o estrat\u00e9gica de ativos intang\u00edveis. Atuamos tanto nas esferas administrativa e consultiva quanto no contencioso judicial envolvendo tais direitos.<\/p><p style=\"text-align: justify;\"><br \/>Nossa atua\u00e7\u00e3o inclui procedimentos de registro, fiscaliza\u00e7\u00e3o e prote\u00e7\u00e3o de marcas, patentes, desenhos industriais, franquias, softwares, direitos autorais e transfer\u00eancia de tecnologia, entre outros. Tamb\u00e9m prestamos assessoria no combate \u00e0 pirataria, na negocia\u00e7\u00e3o, elabora\u00e7\u00e3o e revis\u00e3o de contratos, bem como em disputas administrativas e arbitrais, inclusive em casos de recupera\u00e7\u00e3o de nomes de dom\u00ednio.<\/p><p>Nossas principais \u00e1reas de atua\u00e7\u00e3o incluem:<\/p><ul><li>Marcas<\/li><li>Patentes<\/li><li>Desenho Industrial<\/li><li>Direito Autoral<\/li><li>Franquia<\/li><li>Software<\/li><li>Transfer\u00eancia de Tecnologia<\/li><li>Segredos Industriais e de Neg\u00f3cios<\/li><li>Media e Entretenimento<\/li><li>Direito da Moda<\/li><li>Antipirataria<\/li><li>Concorr\u00eancia Desleal<\/li><li>Indica\u00e7\u00f5es Geogr\u00e1ficas<\/li><li>Cultivares<\/li><\/ul>\t\t\t\t\t\t\t\t<\/div>\n\t\t\t\t<\/div>\n\t\t\t\t<\/div>\n\t\t\t\t\t<\/div>\n\t\t\t\t<\/div>\n\t\t<div class=\"elementor-element elementor-element-26cf005 e-flex e-con-boxed e-con e-parent\" data-id=\"26cf005\" data-element_type=\"container\" data-e-type=\"container\">\n\t\t\t\t\t<div class=\"e-con-inner\">\n\t\t<div class=\"elementor-element elementor-element-7760ead e-con-full e-flex e-con e-child\" data-id=\"7760ead\" data-element_type=\"container\" data-e-type=\"container\">\n\t\t\t\t<div class=\"elementor-element elementor-element-ec0594a elementor-widget elementor-widget-menu-anchor\" data-id=\"ec0594a\" data-element_type=\"widget\" data-e-type=\"widget\" data-widget_type=\"menu-anchor.default\">\n\t\t\t\t<div class=\"elementor-widget-container\">\n\t\t\t\t\t\t\t<div class=\"elementor-menu-anchor\" id=\"consultivo\"><\/div>\n\t\t\t\t\t\t<\/div>\n\t\t\t\t<\/div>\n\t\t\t\t<div class=\"elementor-element elementor-element-ce9e9b3 elementor-widget elementor-widget-text-editor\" data-id=\"ce9e9b3\" data-element_type=\"widget\" data-e-type=\"widget\" data-widget_type=\"text-editor.default\">\n\t\t\t\t<div class=\"elementor-widget-container\">\n\t\t\t\t\t\t\t\t\t<h2 class=\"elementor-heading-title elementor-size-default\"><strong>Direito Empresarial Consultivo<\/strong><\/h2><div>\u00a0<\/div><p style=\"text-align: justify;\">Atua\u00e7\u00e3o estrat\u00e9gica na constitui\u00e7\u00e3o de empresas, reda\u00e7\u00e3o e negocia\u00e7\u00e3o de contratos comerciais, reda\u00e7\u00e3o de pareceres em consultas, prote\u00e7\u00e3o patrimonial, planejamento tribut\u00e1rio, prote\u00e7\u00e3o de dados, direito imobili\u00e1rio, auditorias, com ampla experiencia em assessorar investidores estrangeiros no Brasil.<\/p>\t\t\t\t\t\t\t\t<\/div>\n\t\t\t\t<\/div>\n\t\t\t\t<\/div>\n\t\t<div class=\"elementor-element elementor-element-1efe874 e-con-full e-flex e-con e-child\" data-id=\"1efe874\" data-element_type=\"container\" data-e-type=\"container\">\n\t\t\t\t<div class=\"elementor-element elementor-element-f38d864 elementor-widget elementor-widget-image\" data-id=\"f38d864\" data-element_type=\"widget\" data-e-type=\"widget\" data-widget_type=\"image.default\">\n\t\t\t\t<div class=\"elementor-widget-container\">\n\t\t\t\t\t\t\t\t\t\t\t\t\t\t\t<img decoding=\"async\" width=\"600\" height=\"773\" src=\"https:\/\/ariboni.com.br\/portal\/wp-content\/uploads\/2025\/05\/Foto-fusoes.jpg\" class=\"attachment-large size-large wp-image-803\" alt=\"\" srcset=\"https:\/\/ariboni.com.br\/portal\/wp-content\/uploads\/2025\/05\/Foto-fusoes.jpg 600w, https:\/\/ariboni.com.br\/portal\/wp-content\/uploads\/2025\/05\/Foto-fusoes-233x300.jpg 233w\" sizes=\"(max-width: 600px) 100vw, 600px\" \/>\t\t\t\t\t\t\t\t\t\t\t\t\t\t\t<\/div>\n\t\t\t\t<\/div>\n\t\t\t\t<\/div>\n\t\t\t\t\t<\/div>\n\t\t\t\t<\/div>\n\t\t<div class=\"elementor-element elementor-element-79b6e13 e-flex e-con-boxed e-con e-parent\" data-id=\"79b6e13\" data-element_type=\"container\" data-e-type=\"container\">\n\t\t\t\t\t<div class=\"e-con-inner\">\n\t\t<div class=\"elementor-element elementor-element-6d52294 e-con-full e-flex e-con e-child\" data-id=\"6d52294\" data-element_type=\"container\" data-e-type=\"container\">\n\t\t\t\t<div class=\"elementor-element elementor-element-8ae0e4e elementor-widget elementor-widget-image\" data-id=\"8ae0e4e\" data-element_type=\"widget\" data-e-type=\"widget\" data-widget_type=\"image.default\">\n\t\t\t\t<div class=\"elementor-widget-container\">\n\t\t\t\t\t\t\t\t\t\t\t\t\t\t\t<img loading=\"lazy\" decoding=\"async\" width=\"600\" height=\"773\" src=\"https:\/\/ariboni.com.br\/portal\/wp-content\/uploads\/2025\/05\/Foto-Concorrencial.jpg\" class=\"attachment-large size-large wp-image-808\" alt=\"\" srcset=\"https:\/\/ariboni.com.br\/portal\/wp-content\/uploads\/2025\/05\/Foto-Concorrencial.jpg 600w, https:\/\/ariboni.com.br\/portal\/wp-content\/uploads\/2025\/05\/Foto-Concorrencial-233x300.jpg 233w\" sizes=\"(max-width: 600px) 100vw, 600px\" \/>\t\t\t\t\t\t\t\t\t\t\t\t\t\t\t<\/div>\n\t\t\t\t<\/div>\n\t\t\t\t<\/div>\n\t\t<div class=\"elementor-element elementor-element-30de152 e-con-full e-flex e-con e-child\" data-id=\"30de152\" data-element_type=\"container\" data-e-type=\"container\">\n\t\t\t\t<div class=\"elementor-element elementor-element-cd84603 elementor-widget elementor-widget-menu-anchor\" data-id=\"cd84603\" data-element_type=\"widget\" data-e-type=\"widget\" data-widget_type=\"menu-anchor.default\">\n\t\t\t\t<div class=\"elementor-widget-container\">\n\t\t\t\t\t\t\t<div class=\"elementor-menu-anchor\" id=\"concorrencial\"><\/div>\n\t\t\t\t\t\t<\/div>\n\t\t\t\t<\/div>\n\t\t\t\t<div class=\"elementor-element elementor-element-ca215bb elementor-widget elementor-widget-text-editor\" data-id=\"ca215bb\" data-element_type=\"widget\" data-e-type=\"widget\" data-widget_type=\"text-editor.default\">\n\t\t\t\t<div class=\"elementor-widget-container\">\n\t\t\t\t\t\t\t\t\t<h2>Direito Concorrencial<\/h2><p>Acompanhamento de atos concentra\u00e7\u00e3o, consultas sobre condutas empresariais.<br \/><br \/><\/p><p style=\"text-align: justify;\">O escrit\u00f3rio garante planejamentos sob medida para cada caso, com as devidas preven\u00e7\u00f5es de infra\u00e7\u00f5es \u00e0s leis antitrustes, al\u00e9m de oferecer notifica\u00e7\u00f5es de atos de concentra\u00e7\u00e3o, assist\u00eancia e representa\u00e7\u00e3o no contencioso administrativo e judicial.<\/p>\t\t\t\t\t\t\t\t<\/div>\n\t\t\t\t<\/div>\n\t\t\t\t<\/div>\n\t\t\t\t\t<\/div>\n\t\t\t\t<\/div>\n\t\t<div class=\"elementor-element elementor-element-e1152db e-flex e-con-boxed e-con e-parent\" data-id=\"e1152db\" data-element_type=\"container\" data-e-type=\"container\">\n\t\t\t\t\t<div class=\"e-con-inner\">\n\t\t<div class=\"elementor-element elementor-element-c9916f2 e-con-full e-flex e-con e-child\" data-id=\"c9916f2\" data-element_type=\"container\" data-e-type=\"container\">\n\t\t\t\t<div class=\"elementor-element elementor-element-cc477bc elementor-widget elementor-widget-menu-anchor\" data-id=\"cc477bc\" data-element_type=\"widget\" data-e-type=\"widget\" data-widget_type=\"menu-anchor.default\">\n\t\t\t\t<div class=\"elementor-widget-container\">\n\t\t\t\t\t\t\t<div class=\"elementor-menu-anchor\" id=\"contencioso\"><\/div>\n\t\t\t\t\t\t<\/div>\n\t\t\t\t<\/div>\n\t\t\t\t<div class=\"elementor-element elementor-element-6a5612d elementor-widget elementor-widget-text-editor\" data-id=\"6a5612d\" data-element_type=\"widget\" data-e-type=\"widget\" data-widget_type=\"text-editor.default\">\n\t\t\t\t<div class=\"elementor-widget-container\">\n\t\t\t\t\t\t\t\t\t<h2 class=\"elementor-heading-title elementor-size-default\"><strong>Contencioso Judicial Estrat\u00e9gico<\/strong><\/h2><div>\u00a0<\/div><p style=\"text-align: justify;\">Com s\u00f3lida atua\u00e7\u00e3o perante os principais tribunais estaduais e federais do pa\u00eds, incluindo o Superior Tribunal de Justi\u00e7a (STJ) e o Supremo Tribunal Federal (STF), nosso escrit\u00f3rio se destaca na condu\u00e7\u00e3o de disputas judiciais complexas envolvendo direitos de Propriedade Intelectual, bem como quest\u00f5es corporativas e societ\u00e1rias.<br \/><br \/><\/p><p style=\"text-align: justify;\">Nossa equipe de contencioso alia profundo dom\u00ednio do direito material \u00e0 expertise em estrat\u00e9gia processual, o que nos permite desenvolver abordagens litigiosas precisas, eficazes e alinhadas aos interesses de cada cliente. Atuamos de forma t\u00e9cnica, estrat\u00e9gica e personalizada, sempre em busca das solu\u00e7\u00f5es mais eficientes para o grau e natureza de cada demanda.<\/p>\t\t\t\t\t\t\t\t<\/div>\n\t\t\t\t<\/div>\n\t\t\t\t<\/div>\n\t\t<div class=\"elementor-element elementor-element-fd9c10b e-con-full e-flex e-con e-child\" data-id=\"fd9c10b\" data-element_type=\"container\" data-e-type=\"container\">\n\t\t\t\t<div class=\"elementor-element elementor-element-2415096 elementor-widget elementor-widget-image\" data-id=\"2415096\" data-element_type=\"widget\" data-e-type=\"widget\" data-widget_type=\"image.default\">\n\t\t\t\t<div class=\"elementor-widget-container\">\n\t\t\t\t\t\t\t\t\t\t\t\t\t\t\t<img loading=\"lazy\" decoding=\"async\" width=\"600\" height=\"773\" src=\"https:\/\/ariboni.com.br\/portal\/wp-content\/uploads\/2025\/05\/Foto-Contencioso.jpg\" class=\"attachment-large size-large wp-image-809\" alt=\"\" srcset=\"https:\/\/ariboni.com.br\/portal\/wp-content\/uploads\/2025\/05\/Foto-Contencioso.jpg 600w, https:\/\/ariboni.com.br\/portal\/wp-content\/uploads\/2025\/05\/Foto-Contencioso-233x300.jpg 233w\" sizes=\"(max-width: 600px) 100vw, 600px\" \/>\t\t\t\t\t\t\t\t\t\t\t\t\t\t\t<\/div>\n\t\t\t\t<\/div>\n\t\t\t\t<\/div>\n\t\t\t\t\t<\/div>\n\t\t\t\t<\/div>\n\t\t\t\t<\/div>\n\t\t","protected":false},"excerpt":{"rendered":"<p>O Ariboni, Fabbri &amp; Schmidt \u00e9 formado por profissionais altamente especializados nas \u00e1reas de Propriedade Intelectual e Direito Empresarial, oferecendo solu\u00e7\u00f5es jur\u00eddicas seguras, personalizadas e alinhadas aos objetivos estrat\u00e9gicos de cada cliente. Nossas principais \u00e1reas de atua\u00e7\u00e3o incluem: Propriedade Intelectual Direito Empresarial Consultivo Direito Concorrencial Contencioso Judicial Estrat\u00e9gico Propriedade Intelectual Oferecemos suporte completo em Propriedade [&hellip;]<\/p>\n","protected":false},"author":1,"featured_media":0,"parent":0,"menu_order":0,"comment_status":"closed","ping_status":"closed","template":"elementor_header_footer","meta":{"footnotes":""},"class_list":["post-198","page","type-page","status-publish","hentry"],"_links":{"self":[{"href":"https:\/\/ariboni.com.br\/portal\/wp-json\/wp\/v2\/pages\/198","targetHints":{"allow":["GET"]}}],"collection":[{"href":"https:\/\/ariboni.com.br\/portal\/wp-json\/wp\/v2\/pages"}],"about":[{"href":"https:\/\/ariboni.com.br\/portal\/wp-json\/wp\/v2\/types\/page"}],"author":[{"embeddable":true,"href":"https:\/\/ariboni.com.br\/portal\/wp-json\/wp\/v2\/users\/1"}],"replies":[{"embeddable":true,"href":"https:\/\/ariboni.com.br\/portal\/wp-json\/wp\/v2\/comments?post=198"}],"version-history":[{"count":70,"href":"https:\/\/ariboni.com.br\/portal\/wp-json\/wp\/v2\/pages\/198\/revisions"}],"predecessor-version":[{"id":1470,"href":"https:\/\/ariboni.com.br\/portal\/wp-json\/wp\/v2\/pages\/198\/revisions\/1470"}],"wp:attachment":[{"href":"https:\/\/ariboni.com.br\/portal\/wp-json\/wp\/v2\/media?parent=198"}],"curies":[{"name":"wp","href":"https:\/\/api.w.org\/{rel}","templated":true}]}}