{"id":193,"date":"2025-05-01T20:17:09","date_gmt":"2025-05-01T20:17:09","guid":{"rendered":"https:\/\/ariboni.com.br\/portal\/?page_id=193"},"modified":"2025-08-13T20:23:33","modified_gmt":"2025-08-13T20:23:33","slug":"escritorio","status":"publish","type":"page","link":"https:\/\/ariboni.com.br\/portal\/escritorio\/","title":{"rendered":"Escritorio"},"content":{"rendered":"\t\t<div data-elementor-type=\"wp-page\" data-elementor-id=\"193\" class=\"elementor elementor-193\" data-elementor-post-type=\"page\">\n\t\t\t\t<div class=\"elementor-element elementor-element-3c02a7f e-grid e-con-boxed e-con e-parent\" data-id=\"3c02a7f\" data-element_type=\"container\" data-e-type=\"container\" data-settings=\"{&quot;background_background&quot;:&quot;classic&quot;}\">\n\t\t\t\t\t<div class=\"e-con-inner\">\n\t\t\t\t<div class=\"elementor-element elementor-element-b6e18aa elementor-widget elementor-widget-text-editor\" data-id=\"b6e18aa\" data-element_type=\"widget\" data-e-type=\"widget\" data-widget_type=\"text-editor.default\">\n\t\t\t\t<div class=\"elementor-widget-container\">\n\t\t\t\t\t\t\t\t\t<h3>Desde 1977, oferecemos solu\u00e7\u00f5es jur\u00eddicas estrat\u00e9gicas e inovadoras a clientes nacionais e internacionais.<\/h3><p style=\"text-align: justify;\">Nosso escrit\u00f3rio possui ampla experi\u00eancia na condu\u00e7\u00e3o de quest\u00f5es complexas de Propriedade Intelectual, assessorando empresas dos mais diversos setores e ind\u00fastrias na prote\u00e7\u00e3o, gest\u00e3o e explora\u00e7\u00e3o estrat\u00e9gica de seus ativos. Tamb\u00e9m contamos com uma s\u00f3lida pr\u00e1tica em Direito Emprearial, oferecendo suporte completo a empresas e investidores estrangeiros na em temas consultivos, societ\u00e1rios, contratos comerciais, planejamento tribut\u00e1rio, compliance regulat\u00f3rio e prote\u00e7\u00e3o de dados.<\/p><p style=\"text-align: justify;\">Nossa equipe \u00e9 formada por aproximadamente 30 advogados e cerca de 100 profissionais, incluindo paralegais e especialistas t\u00e9cnicos, com flu\u00eancia em diversos idiomas como portugu\u00eas, ingl\u00eas, franc\u00eas, italiano e espanhol. Esse perfil multidisciplinar e internacional \u00e9 um dos diferenciais que nos permite oferecer solu\u00e7\u00f5es jur\u00eddicas de alto n\u00edvel, com atendimento personalizado e vis\u00e3o estrat\u00e9gica.<\/p><p style=\"text-align: justify;\">Gra\u00e7as ao nosso compromisso com a excel\u00eancia, somos consistentemente reconhecidos pelos principais rankings jur\u00eddicos nacionais e internacionais como um dos escrit\u00f3rios mais respeitados do Brasil na \u00e1rea de Propriedade Intelectual. Aliamos qualidade t\u00e9cnica a uma estrutura eficiente, garantindo uma excelente rela\u00e7\u00e3o custo-benef\u00edcio para nossos clientes.<\/p>\t\t\t\t\t\t\t\t<\/div>\n\t\t\t\t<\/div>\n\t\t\t\t<div class=\"elementor-element elementor-element-5783b4a elementor-widget elementor-widget-image\" data-id=\"5783b4a\" data-element_type=\"widget\" data-e-type=\"widget\" data-widget_type=\"image.default\">\n\t\t\t\t<div class=\"elementor-widget-container\">\n\t\t\t\t\t\t\t\t\t\t\t\t\t\t\t<img fetchpriority=\"high\" decoding=\"async\" width=\"800\" height=\"705\" src=\"https:\/\/ariboni.com.br\/portal\/wp-content\/uploads\/2025\/05\/Foto_escritorio.jpg\" class=\"attachment-large size-large wp-image-645\" alt=\"\" srcset=\"https:\/\/ariboni.com.br\/portal\/wp-content\/uploads\/2025\/05\/Foto_escritorio.jpg 1024w, https:\/\/ariboni.com.br\/portal\/wp-content\/uploads\/2025\/05\/Foto_escritorio-300x265.jpg 300w, https:\/\/ariboni.com.br\/portal\/wp-content\/uploads\/2025\/05\/Foto_escritorio-768x677.jpg 768w\" sizes=\"(max-width: 800px) 100vw, 800px\" \/>\t\t\t\t\t\t\t\t\t\t\t\t\t\t\t<\/div>\n\t\t\t\t<\/div>\n\t\t\t\t\t<\/div>\n\t\t\t\t<\/div>\n\t\t\t\t<\/div>\n\t\t","protected":false},"excerpt":{"rendered":"<p>Desde 1977, oferecemos solu\u00e7\u00f5es jur\u00eddicas estrat\u00e9gicas e inovadoras a clientes nacionais e internacionais. Nosso escrit\u00f3rio possui ampla experi\u00eancia na condu\u00e7\u00e3o de quest\u00f5es complexas de Propriedade Intelectual, assessorando empresas dos mais diversos setores e ind\u00fastrias na prote\u00e7\u00e3o, gest\u00e3o e explora\u00e7\u00e3o estrat\u00e9gica de seus ativos. Tamb\u00e9m contamos com uma s\u00f3lida pr\u00e1tica em Direito Emprearial, oferecendo suporte completo [&hellip;]<\/p>\n","protected":false},"author":1,"featured_media":0,"parent":0,"menu_order":0,"comment_status":"closed","ping_status":"closed","template":"elementor_header_footer","meta":{"footnotes":""},"class_list":["post-193","page","type-page","status-publish","hentry"],"_links":{"self":[{"href":"https:\/\/ariboni.com.br\/portal\/wp-json\/wp\/v2\/pages\/193","targetHints":{"allow":["GET"]}}],"collection":[{"href":"https:\/\/ariboni.com.br\/portal\/wp-json\/wp\/v2\/pages"}],"about":[{"href":"https:\/\/ariboni.com.br\/portal\/wp-json\/wp\/v2\/types\/page"}],"author":[{"embeddable":true,"href":"https:\/\/ariboni.com.br\/portal\/wp-json\/wp\/v2\/users\/1"}],"replies":[{"embeddable":true,"href":"https:\/\/ariboni.com.br\/portal\/wp-json\/wp\/v2\/comments?post=193"}],"version-history":[{"count":64,"href":"https:\/\/ariboni.com.br\/portal\/wp-json\/wp\/v2\/pages\/193\/revisions"}],"predecessor-version":[{"id":1467,"href":"https:\/\/ariboni.com.br\/portal\/wp-json\/wp\/v2\/pages\/193\/revisions\/1467"}],"wp:attachment":[{"href":"https:\/\/ariboni.com.br\/portal\/wp-json\/wp\/v2\/media?parent=193"}],"curies":[{"name":"wp","href":"https:\/\/api.w.org\/{rel}","templated":true}]}}